{"id":87,"date":"2020-10-21T11:24:58","date_gmt":"2020-10-21T09:24:58","guid":{"rendered":"https:\/\/kruszywo.t44.pl\/?page_id=87"},"modified":"2020-12-29T13:20:40","modified_gmt":"2020-12-29T12:20:40","slug":"dredging","status":"publish","type":"page","link":"https:\/\/kruszywo.net\/en\/produkty\/dredging\/","title":{"rendered":"Dredging &#038; Offshore"},"content":{"rendered":"<div data-elementor-type=\"wp-page\" data-elementor-id=\"87\" class=\"elementor elementor-87\" data-elementor-post-type=\"page\">\n\t\t\t\t\t\t<section class=\"elementor-section elementor-top-section elementor-element elementor-element-1931da2 elementor-section-content-top elementor-reverse-tablet elementor-reverse-mobile elementor-section-boxed elementor-section-height-default elementor-section-height-default\" data-id=\"1931da2\" data-element_type=\"section\">\n\t\t\t\t\t\t\t<div class=\"elementor-background-overlay\"><\/div>\n\t\t\t\t\t\t\t<div class=\"elementor-container elementor-column-gap-default\">\n\t\t\t\t\t<div class=\"elementor-column elementor-col-50 elementor-top-column elementor-element elementor-element-8129870\" data-id=\"8129870\" data-element_type=\"column\">\n\t\t\t<div class=\"elementor-widget-wrap elementor-element-populated\">\n\t\t\t\t\t\t<div class=\"elementor-element elementor-element-e11956f elementor-nav-menu--dropdown-none elementor-widget elementor-widget-nav-menu\" data-id=\"e11956f\" data-element_type=\"widget\" data-settings=\"{&quot;layout&quot;:&quot;vertical&quot;,&quot;submenu_icon&quot;:{&quot;value&quot;:&quot;&lt;i class=\\&quot;fas fa-caret-down\\&quot;&gt;&lt;\\\/i&gt;&quot;,&quot;library&quot;:&quot;fa-solid&quot;}}\" data-widget_type=\"nav-menu.default\">\n\t\t\t\t<div class=\"elementor-widget-container\">\n\t\t\t\t\t\t\t\t<nav aria-label=\"Menu\" class=\"elementor-nav-menu--main elementor-nav-menu__container elementor-nav-menu--layout-vertical e--pointer-background e--animation-fade\">\n\t\t\t\t<ul id=\"menu-1-e11956f\" class=\"elementor-nav-menu sm-vertical\"><li class=\"menu-item menu-item-type-post_type menu-item-object-page menu-item-236\"><a href=\"https:\/\/kruszywo.net\/en\/produkty\/kruszywo-morskie\/\" class=\"elementor-item menu-link\">Marine Aggregate<\/a><\/li>\n<li class=\"menu-item menu-item-type-post_type menu-item-object-page menu-item-235\"><a href=\"https:\/\/kruszywo.net\/en\/produkty\/kruszywo-lamane\/\" class=\"elementor-item menu-link\">Crushed Stone Aggregate<\/a><\/li>\n<li class=\"menu-item menu-item-type-post_type menu-item-object-page menu-item-234\"><a href=\"https:\/\/kruszywo.net\/en\/produkty\/dredging\/\" class=\"elementor-item menu-link\">Dredging &#038; Offshore<\/a><\/li>\n<\/ul>\t\t\t<\/nav>\n\t\t\t\t\t\t<nav class=\"elementor-nav-menu--dropdown elementor-nav-menu__container\" aria-hidden=\"true\">\n\t\t\t\t<ul id=\"menu-2-e11956f\" class=\"elementor-nav-menu sm-vertical\"><li class=\"menu-item menu-item-type-post_type menu-item-object-page menu-item-236\"><a href=\"https:\/\/kruszywo.net\/en\/produkty\/kruszywo-morskie\/\" class=\"elementor-item menu-link\" tabindex=\"-1\">Marine Aggregate<\/a><\/li>\n<li class=\"menu-item menu-item-type-post_type menu-item-object-page menu-item-235\"><a href=\"https:\/\/kruszywo.net\/en\/produkty\/kruszywo-lamane\/\" class=\"elementor-item menu-link\" tabindex=\"-1\">Crushed Stone Aggregate<\/a><\/li>\n<li class=\"menu-item menu-item-type-post_type menu-item-object-page menu-item-234\"><a href=\"https:\/\/kruszywo.net\/en\/produkty\/dredging\/\" class=\"elementor-item menu-link\" tabindex=\"-1\">Dredging &#038; Offshore<\/a><\/li>\n<\/ul>\t\t\t<\/nav>\n\t\t\t\t\t\t<\/div>\n\t\t\t\t<\/div>\n\t\t\t\t\t<\/div>\n\t\t<\/div>\n\t\t\t\t<div class=\"elementor-column elementor-col-50 elementor-top-column elementor-element elementor-element-cc5dcf5\" data-id=\"cc5dcf5\" data-element_type=\"column\">\n\t\t\t<div class=\"elementor-widget-wrap elementor-element-populated\">\n\t\t\t\t\t\t<div class=\"elementor-element elementor-element-89ff914 elementor-widget elementor-widget-text-editor\" data-id=\"89ff914\" data-element_type=\"widget\" data-widget_type=\"text-editor.default\">\n\t\t\t\t<div class=\"elementor-widget-container\">\n\t\t\t\t\t\t\t\t\tDREDGING is deepening and improvement of the bottom of water bodies. OFFSHORE is any work performed on or underwater and away from the shore, like the construction of breakwaters, artificial islands, and other engineering structures in coastal waters and sea bays. Group DC provides these services using state-of-the-art vessels. The crews of De Cloedt vessels \u2013 DC Orisant DC Ostend and RIO \u2013 deliver the most technically complex projects in Poland and across the world.\t\t\t\t\t\t\t\t<\/div>\n\t\t\t\t<\/div>\n\t\t\t\t<div class=\"elementor-element elementor-element-c609839 animated-slow elementor-invisible elementor-widget elementor-widget-image\" data-id=\"c609839\" data-element_type=\"widget\" data-settings=\"{&quot;_animation&quot;:&quot;fadeIn&quot;}\" data-widget_type=\"image.default\">\n\t\t\t\t<div class=\"elementor-widget-container\">\n\t\t\t\t\t\t\t\t\t\t\t\t\t\t\t<img fetchpriority=\"high\" decoding=\"async\" width=\"960\" height=\"720\" src=\"https:\/\/kruszywo.net\/wp-content\/uploads\/2020\/11\/dregging-93766040_3165449573473743_7295842241132625920_n.jpg\" class=\"attachment-full size-full wp-image-353\" alt=\"\" srcset=\"https:\/\/kruszywo.net\/wp-content\/uploads\/2020\/11\/dregging-93766040_3165449573473743_7295842241132625920_n.jpg 960w, https:\/\/kruszywo.net\/wp-content\/uploads\/2020\/11\/dregging-93766040_3165449573473743_7295842241132625920_n-300x225.jpg 300w, https:\/\/kruszywo.net\/wp-content\/uploads\/2020\/11\/dregging-93766040_3165449573473743_7295842241132625920_n-768x576.jpg 768w, https:\/\/kruszywo.net\/wp-content\/uploads\/2020\/11\/dregging-93766040_3165449573473743_7295842241132625920_n-16x12.jpg 16w, https:\/\/kruszywo.net\/wp-content\/uploads\/2020\/11\/dregging-93766040_3165449573473743_7295842241132625920_n-20x15.jpg 20w\" sizes=\"(max-width: 960px) 100vw, 960px\" \/>\t\t\t\t\t\t\t\t\t\t\t\t\t\t\t<\/div>\n\t\t\t\t<\/div>\n\t\t\t\t<div class=\"elementor-element elementor-element-6e4110c elementor-widget elementor-widget-text-editor\" data-id=\"6e4110c\" data-element_type=\"widget\" data-widget_type=\"text-editor.default\">\n\t\t\t\t<div class=\"elementor-widget-container\">\n\t\t\t\t\t\t\t\t\t<p>Thanks to these large, modern, and multi-purpose vessels, Mineral DC Nowak can tackle every challenge. Each vessel is outfitted with dedicated equipment for every type of offshore task. This ensures optimum flexibility and efficiency.<\/p><p>Watercourse maintenance, maintenance deepening, restoration of beaches, and the construction of breakwaters have never been as efficient as today. The dynamic positioning system of the offshore work vessels is especially helpful in the construction of offshore wind farms.<\/p><p>We will happily consider your request for quotation dredging@kruszywo.net\u00a0<\/p>\t\t\t\t\t\t\t\t<\/div>\n\t\t\t\t<\/div>\n\t\t\t\t<div class=\"elementor-element elementor-element-5c1653c elementor-widget elementor-widget-gallery\" data-id=\"5c1653c\" data-element_type=\"widget\" data-settings=\"{&quot;gallery_layout&quot;:&quot;justified&quot;,&quot;lazyload&quot;:&quot;yes&quot;,&quot;ideal_row_height&quot;:{&quot;unit&quot;:&quot;px&quot;,&quot;size&quot;:200,&quot;sizes&quot;:[]},&quot;ideal_row_height_tablet&quot;:{&quot;unit&quot;:&quot;px&quot;,&quot;size&quot;:150,&quot;sizes&quot;:[]},&quot;ideal_row_height_mobile&quot;:{&quot;unit&quot;:&quot;px&quot;,&quot;size&quot;:150,&quot;sizes&quot;:[]},&quot;gap&quot;:{&quot;unit&quot;:&quot;px&quot;,&quot;size&quot;:10,&quot;sizes&quot;:[]},&quot;gap_tablet&quot;:{&quot;unit&quot;:&quot;px&quot;,&quot;size&quot;:10,&quot;sizes&quot;:[]},&quot;gap_mobile&quot;:{&quot;unit&quot;:&quot;px&quot;,&quot;size&quot;:10,&quot;sizes&quot;:[]},&quot;link_to&quot;:&quot;file&quot;,&quot;overlay_background&quot;:&quot;yes&quot;,&quot;content_hover_animation&quot;:&quot;fade-in&quot;}\" data-widget_type=\"gallery.default\">\n\t\t\t\t<div class=\"elementor-widget-container\">\n\t\t\t\t\t\t\t<div class=\"elementor-gallery__container\">\n\t\t\t\t\t\t\t<a class=\"e-gallery-item elementor-gallery-item elementor-animated-content\" href=\"https:\/\/kruszywo.net\/wp-content\/uploads\/2020\/11\/dregging-Dredging-photo.jpg\" data-elementor-open-lightbox=\"yes\" data-elementor-lightbox-slideshow=\"5c1653c\" data-elementor-lightbox-title=\"dregging-Dredging photo\" data-e-action-hash=\"#elementor-action%3Aaction%3Dlightbox%26settings%3DeyJpZCI6MzU3LCJ1cmwiOiJodHRwczpcL1wva3J1c3p5d28ubmV0XC93cC1jb250ZW50XC91cGxvYWRzXC8yMDIwXC8xMVwvZHJlZ2dpbmctRHJlZGdpbmctcGhvdG8uanBnIiwic2xpZGVzaG93IjoiNWMxNjUzYyJ9\">\n\t\t\t\t\t<div class=\"e-gallery-image elementor-gallery-item__image\" data-thumbnail=\"https:\/\/kruszywo.net\/wp-content\/uploads\/2020\/11\/dregging-Dredging-photo-768x576.jpg\" data-width=\"768\" data-height=\"576\" aria-label=\"\" role=\"img\" ><\/div>\n\t\t\t\t\t\t\t\t\t\t\t<div class=\"elementor-gallery-item__overlay\"><\/div>\n\t\t\t\t\t\t\t\t\t\t\t\t\t\t<\/a>\n\t\t\t\t\t\t\t<a class=\"e-gallery-item elementor-gallery-item elementor-animated-content\" href=\"https:\/\/kruszywo.net\/wp-content\/uploads\/2020\/11\/dregging-DJI_0015.jpg\" data-elementor-open-lightbox=\"yes\" data-elementor-lightbox-slideshow=\"5c1653c\" data-elementor-lightbox-title=\"dregging-DJI_0015\" data-e-action-hash=\"#elementor-action%3Aaction%3Dlightbox%26settings%3DeyJpZCI6MzU2LCJ1cmwiOiJodHRwczpcL1wva3J1c3p5d28ubmV0XC93cC1jb250ZW50XC91cGxvYWRzXC8yMDIwXC8xMVwvZHJlZ2dpbmctREpJXzAwMTUuanBnIiwic2xpZGVzaG93IjoiNWMxNjUzYyJ9\">\n\t\t\t\t\t<div class=\"e-gallery-image elementor-gallery-item__image\" data-thumbnail=\"https:\/\/kruszywo.net\/wp-content\/uploads\/2020\/11\/dregging-DJI_0015-768x576.jpg\" data-width=\"768\" data-height=\"576\" aria-label=\"\" role=\"img\" ><\/div>\n\t\t\t\t\t\t\t\t\t\t\t<div class=\"elementor-gallery-item__overlay\"><\/div>\n\t\t\t\t\t\t\t\t\t\t\t\t\t\t<\/a>\n\t\t\t\t\t\t\t<a class=\"e-gallery-item elementor-gallery-item elementor-animated-content\" href=\"https:\/\/kruszywo.net\/wp-content\/uploads\/2020\/11\/dregging-DJI_0014.jpg\" data-elementor-open-lightbox=\"yes\" data-elementor-lightbox-slideshow=\"5c1653c\" data-elementor-lightbox-title=\"dregging-DJI_0014\" data-e-action-hash=\"#elementor-action%3Aaction%3Dlightbox%26settings%3DeyJpZCI6MzU1LCJ1cmwiOiJodHRwczpcL1wva3J1c3p5d28ubmV0XC93cC1jb250ZW50XC91cGxvYWRzXC8yMDIwXC8xMVwvZHJlZ2dpbmctREpJXzAwMTQuanBnIiwic2xpZGVzaG93IjoiNWMxNjUzYyJ9\">\n\t\t\t\t\t<div class=\"e-gallery-image elementor-gallery-item__image\" data-thumbnail=\"https:\/\/kruszywo.net\/wp-content\/uploads\/2020\/11\/dregging-DJI_0014-768x576.jpg\" data-width=\"768\" data-height=\"576\" aria-label=\"\" role=\"img\" ><\/div>\n\t\t\t\t\t\t\t\t\t\t\t<div class=\"elementor-gallery-item__overlay\"><\/div>\n\t\t\t\t\t\t\t\t\t\t\t\t\t\t<\/a>\n\t\t\t\t\t\t\t<a class=\"e-gallery-item elementor-gallery-item elementor-animated-content\" href=\"https:\/\/kruszywo.net\/wp-content\/uploads\/2020\/11\/dregging-DJI_0005.jpg\" data-elementor-open-lightbox=\"yes\" data-elementor-lightbox-slideshow=\"5c1653c\" data-elementor-lightbox-title=\"dregging-DJI_0005\" data-e-action-hash=\"#elementor-action%3Aaction%3Dlightbox%26settings%3DeyJpZCI6MzU0LCJ1cmwiOiJodHRwczpcL1wva3J1c3p5d28ubmV0XC93cC1jb250ZW50XC91cGxvYWRzXC8yMDIwXC8xMVwvZHJlZ2dpbmctREpJXzAwMDUuanBnIiwic2xpZGVzaG93IjoiNWMxNjUzYyJ9\">\n\t\t\t\t\t<div class=\"e-gallery-image elementor-gallery-item__image\" data-thumbnail=\"https:\/\/kruszywo.net\/wp-content\/uploads\/2020\/11\/dregging-DJI_0005-768x576.jpg\" data-width=\"768\" data-height=\"576\" aria-label=\"\" role=\"img\" ><\/div>\n\t\t\t\t\t\t\t\t\t\t\t<div class=\"elementor-gallery-item__overlay\"><\/div>\n\t\t\t\t\t\t\t\t\t\t\t\t\t\t<\/a>\n\t\t\t\t\t\t\t<a class=\"e-gallery-item elementor-gallery-item elementor-animated-content\" href=\"https:\/\/kruszywo.net\/wp-content\/uploads\/2020\/11\/dregging-6-statek_3.jpg\" data-elementor-open-lightbox=\"yes\" data-elementor-lightbox-slideshow=\"5c1653c\" data-elementor-lightbox-title=\"dregging-6 statek_3\" data-e-action-hash=\"#elementor-action%3Aaction%3Dlightbox%26settings%3DeyJpZCI6MzUyLCJ1cmwiOiJodHRwczpcL1wva3J1c3p5d28ubmV0XC93cC1jb250ZW50XC91cGxvYWRzXC8yMDIwXC8xMVwvZHJlZ2dpbmctNi1zdGF0ZWtfMy5qcGciLCJzbGlkZXNob3ciOiI1YzE2NTNjIn0%3D\">\n\t\t\t\t\t<div class=\"e-gallery-image elementor-gallery-item__image\" data-thumbnail=\"https:\/\/kruszywo.net\/wp-content\/uploads\/2020\/11\/dregging-6-statek_3-768x576.jpg\" data-width=\"768\" data-height=\"576\" aria-label=\"\" role=\"img\" ><\/div>\n\t\t\t\t\t\t\t\t\t\t\t<div class=\"elementor-gallery-item__overlay\"><\/div>\n\t\t\t\t\t\t\t\t\t\t\t\t\t\t<\/a>\n\t\t\t\t\t\t\t<a class=\"e-gallery-item elementor-gallery-item elementor-animated-content\" href=\"https:\/\/kruszywo.net\/wp-content\/uploads\/2020\/11\/dregging-5-ship2.jpg\" data-elementor-open-lightbox=\"yes\" data-elementor-lightbox-slideshow=\"5c1653c\" data-elementor-lightbox-title=\"dregging-5 ship2\" data-e-action-hash=\"#elementor-action%3Aaction%3Dlightbox%26settings%3DeyJpZCI6MzUxLCJ1cmwiOiJodHRwczpcL1wva3J1c3p5d28ubmV0XC93cC1jb250ZW50XC91cGxvYWRzXC8yMDIwXC8xMVwvZHJlZ2dpbmctNS1zaGlwMi5qcGciLCJzbGlkZXNob3ciOiI1YzE2NTNjIn0%3D\">\n\t\t\t\t\t<div class=\"e-gallery-image elementor-gallery-item__image\" data-thumbnail=\"https:\/\/kruszywo.net\/wp-content\/uploads\/2020\/11\/dregging-5-ship2-768x576.jpg\" data-width=\"768\" data-height=\"576\" aria-label=\"\" role=\"img\" ><\/div>\n\t\t\t\t\t\t\t\t\t\t\t<div class=\"elementor-gallery-item__overlay\"><\/div>\n\t\t\t\t\t\t\t\t\t\t\t\t\t\t<\/a>\n\t\t\t\t\t<\/div>\n\t\t\t\t\t<\/div>\n\t\t\t\t<\/div>\n\t\t\t\t\t<\/div>\n\t\t<\/div>\n\t\t\t\t\t<\/div>\n\t\t<\/section>\n\t\t\t\t<\/div>","protected":false},"excerpt":{"rendered":"<p>DREDGING rozumiany jako bagrowanie to pog\u0142\u0119biane i regulacja dna zbiornik\u00f3w wodnych. OFFSHORE to ca\u0142o\u015b\u0107 prac prowadzonych poza sta\u0142ym l\u0105dem, m.in. budowa falochron\u00f3w, sztucznych wysp i innych obiekt\u00f3w zlokalizowanych na morskich wodach przybrze\u017cnych oraz w zatokach. Grupa DC wykonuje swoje us\u0142ugi za pomoc\u0105 najnowocze\u015bniejszych jednostek p\u0142ywaj\u0105cych. Za\u0142ogi statk\u00f3w DC Orisant DC Ostend oraz RIO realizuj\u0105 najbardziej [&hellip;]<\/p>\n","protected":false},"author":2,"featured_media":818,"parent":14,"menu_order":0,"comment_status":"closed","ping_status":"closed","template":"","meta":{"_acf_changed":false,"site-sidebar-layout":"default","site-content-layout":"","ast-site-content-layout":"default","site-content-style":"default","site-sidebar-style":"default","ast-global-header-display":"","ast-banner-title-visibility":"","ast-main-header-display":"","ast-hfb-above-header-display":"","ast-hfb-below-header-display":"","ast-hfb-mobile-header-display":"","site-post-title":"","ast-breadcrumbs-content":"","ast-featured-img":"","footer-sml-layout":"","theme-transparent-header-meta":"","adv-header-id-meta":"","stick-header-meta":"","header-above-stick-meta":"","header-main-stick-meta":"","header-below-stick-meta":"","astra-migrate-meta-layouts":"default","ast-page-background-enabled":"default","ast-page-background-meta":{"desktop":{"background-color":"","background-image":"","background-repeat":"repeat","background-position":"center center","background-size":"auto","background-attachment":"scroll","background-type":"","background-media":"","overlay-type":"","overlay-color":"","overlay-opacity":"","overlay-gradient":""},"tablet":{"background-color":"","background-image":"","background-repeat":"repeat","background-position":"center center","background-size":"auto","background-attachment":"scroll","background-type":"","background-media":"","overlay-type":"","overlay-color":"","overlay-opacity":"","overlay-gradient":""},"mobile":{"background-color":"","background-image":"","background-repeat":"repeat","background-position":"center center","background-size":"auto","background-attachment":"scroll","background-type":"","background-media":"","overlay-type":"","overlay-color":"","overlay-opacity":"","overlay-gradient":""}},"ast-content-background-meta":{"desktop":{"background-color":"var(--ast-global-color-5)","background-image":"","background-repeat":"repeat","background-position":"center center","background-size":"auto","background-attachment":"scroll","background-type":"","background-media":"","overlay-type":"","overlay-color":"","overlay-opacity":"","overlay-gradient":""},"tablet":{"background-color":"var(--ast-global-color-5)","background-image":"","background-repeat":"repeat","background-position":"center center","background-size":"auto","background-attachment":"scroll","background-type":"","background-media":"","overlay-type":"","overlay-color":"","overlay-opacity":"","overlay-gradient":""},"mobile":{"background-color":"var(--ast-global-color-5)","background-image":"","background-repeat":"repeat","background-position":"center center","background-size":"auto","background-attachment":"scroll","background-type":"","background-media":"","overlay-type":"","overlay-color":"","overlay-opacity":"","overlay-gradient":""}},"footnotes":""},"class_list":["post-87","page","type-page","status-publish","has-post-thumbnail","hentry"],"acf":[],"_links":{"self":[{"href":"https:\/\/kruszywo.net\/en\/wp-json\/wp\/v2\/pages\/87","targetHints":{"allow":["GET"]}}],"collection":[{"href":"https:\/\/kruszywo.net\/en\/wp-json\/wp\/v2\/pages"}],"about":[{"href":"https:\/\/kruszywo.net\/en\/wp-json\/wp\/v2\/types\/page"}],"author":[{"embeddable":true,"href":"https:\/\/kruszywo.net\/en\/wp-json\/wp\/v2\/users\/2"}],"replies":[{"embeddable":true,"href":"https:\/\/kruszywo.net\/en\/wp-json\/wp\/v2\/comments?post=87"}],"version-history":[{"count":0,"href":"https:\/\/kruszywo.net\/en\/wp-json\/wp\/v2\/pages\/87\/revisions"}],"up":[{"embeddable":true,"href":"https:\/\/kruszywo.net\/en\/wp-json\/wp\/v2\/pages\/14"}],"wp:featuredmedia":[{"embeddable":true,"href":"https:\/\/kruszywo.net\/en\/wp-json\/wp\/v2\/media\/818"}],"wp:attachment":[{"href":"https:\/\/kruszywo.net\/en\/wp-json\/wp\/v2\/media?parent=87"}],"curies":[{"name":"wp","href":"https:\/\/api.w.org\/{rel}","templated":true}]}}