{"id":3,"date":"2020-10-15T10:35:14","date_gmt":"2020-10-15T10:35:14","guid":{"rendered":"http:\/\/wordpress.example\/?page_id=3"},"modified":"2020-11-04T12:24:59","modified_gmt":"2020-11-04T11:24:59","slug":"polityka-prywatnosci","status":"publish","type":"page","link":"https:\/\/kruszywo.net\/en\/polityka-prywatnosci\/","title":{"rendered":"Privacy policy"},"content":{"rendered":"<p><strong>Klauzula informacyjna\u00a0<\/strong><\/p>\n<p>Zgodnie z rozporz\u0105dzeniem Parlamentu Europejskiego i Rady (UE) 2016\/679 z 27.04.2016 r. w sprawie ochrony os\u00f3b fizycznych w zwi\u0105zku z przetwarzaniem danych osobowych i w<br \/>sprawie swobodnego przep\u0142ywu takich danych oraz uchylenia dyrektywy 95\/46\/WE (dalej RODO) w zwi\u0105zku z nasz\u0105 wsp\u00f3\u0142prac\u0105, szanuj\u0105c prywatno\u015b\u0107 naszych klient\u00f3w informujemy.<\/p>\n<p>Administratorem danych osobowych jest Minerals DC Nowak Sp. z o.o. Sp. k. 80-601 Gda\u0144sk ul. prof. Witolda Andruszkiewicza 5, lok. nr 2\/38 Zgodnie z przepisami RODO masz prawo do dost\u0119pu do swoich danych osobowych, do ich sprostowania, \u017c\u0105dania ich usuni\u0119cia lub wniesienia sprzeciwu. Masz r\u00f3wnie\u017c prawo do \u017c\u0105dania ograniczenia przetwarzania Twoich danych, a tak\u017ce do ich przenoszenia.<\/p>\n<p>Je\u017celi uznasz, \u017ce Twoje dane osobowe b\u0119d\u0105 przetwarzane niezgodnie z wymogami prawa masz prawo wnie\u015b\u0107 skarg\u0119 do organu nadzorczego, kt\u00f3rym jest Prezes Urz\u0119du Ochrony Danych<br \/>Osobowych. Twoje dane osobowe mog\u0105 by\u0107 przetwarzane dla prawid\u0142owej realizacji umowy celem wykonania obowi\u0105zk\u00f3w prawnych, w tym podatkowych, a tak\u017ce mog\u0105 by\u0107 przetwarzane celem<br \/>kierowania ofert w ramach naszej wsp\u00f3\u0142pracy oraz dla dochodzenia ewentualnych roszcze\u0144 wynikaj\u0105cych z przepis\u00f3w prawa cywilnego.<br \/>Podstaw\u0105 prawna przetwarzania danych osobowych jest:<\/p>\n<ul>\n<li>art. 6 ust. 1 lit b RODO, tj. przetwarzanie jest konieczne do realizacji \u0142\u0105cz\u0105cej nas umowy,<\/li>\n<li>art. 6 ust. 1 lit. c RODO, tj. przetwarzanie jest niezb\u0119dne do realizacji obowi\u0105zk\u00f3w na nas ci\u0105\u017c\u0105cych dotycz\u0105cych rozlicze\u0144 finansowych,<\/li>\n<li>\u00a06 ust. 1 lit. f RODO, tj. przetwarzanie jest nieodzowne dla realizacji cel\u00f3w wynikaj\u0105cych z naszych prawnie uzasadnionych interes\u00f3w, takich jak kierowanie do ofert w ramach marketingu bezpo\u015bredniego oraz ewentualna konieczno\u015b\u0107 odpierania i realizacji roszcze\u0144 cywilnoprawnych.<\/li>\n<\/ul>\n<p>Twoje dane osobowe b\u0119d\u0105 przechowywane przez okres niezb\u0119dny do konkretnego przetwarzania danych. Z pewno\u015bci\u0105 dane mog\u0105 by\u0107 przetwarzane przez okres trwania \u0142\u0105cz\u0105cej nas umowy, jak r\u00f3wnie\u017c przez okres trwania wymagalno\u015bci ewentualnych roszcze\u0144 z tym zwi\u0105zanych.<\/p>\n<p>Odbiorc\u0105 Twoich danych osobowych b\u0119d\u0105 nasi pracownicy, kt\u00f3rzy b\u0119d\u0105 bezpo\u015brednio odpowiedzialni za przetwarzanie Twoich danych posiadaj\u0105c stosowne upowa\u017cnienia nadane przez Administratora Danych Osobowych.\u00a0<\/p>\n<p>Twoje dane osobowe b\u0119d\u0105 przetwarzane w spos\u00f3b cz\u0119\u015bciowo zautomatyzowany, poniewa\u017c b\u0119dziemy w pewnym stopniu b\u0119dziemy je przetwarza\u0107 na zasobach komputerowych w formie<br \/>elektronicznej. Jednak\u017ce w ramach przetwarzania danych nie stosujemy metod polegaj\u0105cych na zautomatyzowanym podejmowaniu decyzji, w tym profilowania.<br \/>Podanie przez Ciebie danych jest dobrowolne, jednak jest ono konieczne dla realizacji \u0142\u0105cz\u0105cej nas wsp\u00f3\u0142pracy.<\/p>\n<p>Obecnie nie zamierzamy przekazywa\u0107 Twoich danych do pa\u0144stw trzecich.<\/p>\n<p>Z wyrazami szacunku<br \/>Administrator Danych Osobowych<\/p>","protected":false},"excerpt":{"rendered":"<p>Klauzula informacyjna\u00a0 Zgodnie z rozporz\u0105dzeniem Parlamentu Europejskiego i Rady (UE) 2016\/679 z 27.04.2016 r. w sprawie ochrony os\u00f3b fizycznych w zwi\u0105zku z przetwarzaniem danych osobowych i wsprawie swobodnego przep\u0142ywu takich danych oraz uchylenia dyrektywy 95\/46\/WE (dalej RODO) w zwi\u0105zku z nasz\u0105 wsp\u00f3\u0142prac\u0105, szanuj\u0105c prywatno\u015b\u0107 naszych klient\u00f3w informujemy. Administratorem danych osobowych jest Minerals DC Nowak Sp. [&hellip;]<\/p>\n","protected":false},"author":2,"featured_media":0,"parent":0,"menu_order":0,"comment_status":"closed","ping_status":"open","template":"","meta":{"_acf_changed":false,"site-sidebar-layout":"default","site-content-layout":"","ast-site-content-layout":"default","site-content-style":"default","site-sidebar-style":"default","ast-global-header-display":"","ast-banner-title-visibility":"","ast-main-header-display":"","ast-hfb-above-header-display":"","ast-hfb-below-header-display":"","ast-hfb-mobile-header-display":"","site-post-title":"","ast-breadcrumbs-content":"","ast-featured-img":"","footer-sml-layout":"","theme-transparent-header-meta":"","adv-header-id-meta":"","stick-header-meta":"","header-above-stick-meta":"","header-main-stick-meta":"","header-below-stick-meta":"","astra-migrate-meta-layouts":"default","ast-page-background-enabled":"default","ast-page-background-meta":{"desktop":{"background-color":"","background-image":"","background-repeat":"repeat","background-position":"center center","background-size":"auto","background-attachment":"scroll","background-type":"","background-media":"","overlay-type":"","overlay-color":"","overlay-opacity":"","overlay-gradient":""},"tablet":{"background-color":"","background-image":"","background-repeat":"repeat","background-position":"center center","background-size":"auto","background-attachment":"scroll","background-type":"","background-media":"","overlay-type":"","overlay-color":"","overlay-opacity":"","overlay-gradient":""},"mobile":{"background-color":"","background-image":"","background-repeat":"repeat","background-position":"center center","background-size":"auto","background-attachment":"scroll","background-type":"","background-media":"","overlay-type":"","overlay-color":"","overlay-opacity":"","overlay-gradient":""}},"ast-content-background-meta":{"desktop":{"background-color":"var(--ast-global-color-5)","background-image":"","background-repeat":"repeat","background-position":"center center","background-size":"auto","background-attachment":"scroll","background-type":"","background-media":"","overlay-type":"","overlay-color":"","overlay-opacity":"","overlay-gradient":""},"tablet":{"background-color":"var(--ast-global-color-5)","background-image":"","background-repeat":"repeat","background-position":"center center","background-size":"auto","background-attachment":"scroll","background-type":"","background-media":"","overlay-type":"","overlay-color":"","overlay-opacity":"","overlay-gradient":""},"mobile":{"background-color":"var(--ast-global-color-5)","background-image":"","background-repeat":"repeat","background-position":"center center","background-size":"auto","background-attachment":"scroll","background-type":"","background-media":"","overlay-type":"","overlay-color":"","overlay-opacity":"","overlay-gradient":""}},"footnotes":""},"class_list":["post-3","page","type-page","status-publish","hentry"],"acf":[],"_links":{"self":[{"href":"https:\/\/kruszywo.net\/en\/wp-json\/wp\/v2\/pages\/3","targetHints":{"allow":["GET"]}}],"collection":[{"href":"https:\/\/kruszywo.net\/en\/wp-json\/wp\/v2\/pages"}],"about":[{"href":"https:\/\/kruszywo.net\/en\/wp-json\/wp\/v2\/types\/page"}],"author":[{"embeddable":true,"href":"https:\/\/kruszywo.net\/en\/wp-json\/wp\/v2\/users\/2"}],"replies":[{"embeddable":true,"href":"https:\/\/kruszywo.net\/en\/wp-json\/wp\/v2\/comments?post=3"}],"version-history":[{"count":0,"href":"https:\/\/kruszywo.net\/en\/wp-json\/wp\/v2\/pages\/3\/revisions"}],"wp:attachment":[{"href":"https:\/\/kruszywo.net\/en\/wp-json\/wp\/v2\/media?parent=3"}],"curies":[{"name":"wp","href":"https:\/\/api.w.org\/{rel}","templated":true}]}}