{"id":12,"date":"2020-10-15T13:00:49","date_gmt":"2020-10-15T11:00:49","guid":{"rendered":"https:\/\/kruszywo.t44.pl\/?page_id=12"},"modified":"2025-10-22T15:26:41","modified_gmt":"2025-10-22T13:26:41","slug":"o-firmie","status":"publish","type":"page","link":"https:\/\/kruszywo.net\/en\/o-firmie\/","title":{"rendered":"About us"},"content":{"rendered":"<div data-elementor-type=\"wp-page\" data-elementor-id=\"12\" class=\"elementor elementor-12\" data-elementor-post-type=\"page\">\n\t\t\t\t\t\t<section class=\"elementor-section elementor-top-section elementor-element elementor-element-b5c1e51 elementor-section-boxed elementor-section-height-default elementor-section-height-default\" data-id=\"b5c1e51\" data-element_type=\"section\">\n\t\t\t\t\t\t<div class=\"elementor-container elementor-column-gap-default\">\n\t\t\t\t\t<div class=\"elementor-column elementor-col-100 elementor-top-column elementor-element elementor-element-3492877\" data-id=\"3492877\" data-element_type=\"column\">\n\t\t\t<div class=\"elementor-widget-wrap elementor-element-populated\">\n\t\t\t\t\t\t<div class=\"elementor-element elementor-element-f3a77fc elementor-widget elementor-widget-text-editor\" data-id=\"f3a77fc\" data-element_type=\"widget\" data-widget_type=\"text-editor.default\">\n\t\t\t\t<div class=\"elementor-widget-container\">\n\t\t\t\t\t\t\t\t\t<p class=\"translation-block\"><strong>Minerals DC Nowak Sp. z o.o. Sp. k. <\/strong> was established in 2017 as a result of Handel i Minera\u0142y Nowak Sp. z o.o. Sp. k. striking a partnership with Group De Cloedt of Belgium.<\/p><p>HiM Nowak began its business in the industry in 2011 by supplying aggregates for the most important infrastructure projects in the Pomeranian region of Poland. It was the only Polish business to source, process, and sell marine aggregates from a deposit in the Baltic Sea known as \u201cPo\u0142udniowa \u0141awica \u015arodkowa \u2013 Ba\u0142tyk Po\u0142udniowy\u201d<\/p><p>Historia Group De Cloedt si\u0119ga swoimi korzeniami pocz\u0105tk\u00f3w XX wieku. Strategia jej dzia\u0142alno\u015bci osadzona jest w realizacji inwestycji zwi\u0105zanych z wykonywaniem rob\u00f3t czerpalnych, z pozyskiwaniem i produkcj\u0105 kruszyw skalnych oraz pracami w zakresie ochrony \u015brodowiska. Odzia\u0142y i plac\u00f3wki firmy maj\u0105 swoje siedziby w Belgii, w Holandii, w Niemczech, w Wielkiej Brytanii, na \u0141otwie, we Francji oraz w Norwegii.<\/p><p class=\"translation-block\">The core business profile of <strong> Minerals DC Nowak <\/strong> is to meet the growing market demand for natural aggregates. Minerals DC Nowak, as a pioneer and the first business in Poland, continues to source, process, and sell aggregates from a deposit located in the basin of the Baltic Sea. The second and continuously growing business focus of Minerals DC Nowak is the sale and distribution of crushed-stone aggregate from Scandinavia. Group De Cloedt has deposits in Seljestokken, Eikefet, and Halsvik in Norway. The product range, unique by its superior quality, is used in the production of concrete mixes, bituminous asphalt mastics, and general construction of buildings and roads. The quality of the materials is recognised by our customers who take part in prestigious and the most exclusive investments. \n\nAside from the sales of Scandinavian aggregates and sourcing materials from the bottom of the Baltic Sea, Minerals DC Nowak provides dredging and underwater earthwork. Dredging work, which consists of deepening and improvement of the bottom of water bodies, is carried out by Group De Cloedt with state-of-the-art, specialised vessels. De Cloedt vessels deliver the most technically complex projects in Poland and around the world.<\/p>\t\t\t\t\t\t\t\t<\/div>\n\t\t\t\t<\/div>\n\t\t\t\t\t<\/div>\n\t\t<\/div>\n\t\t\t\t\t<\/div>\n\t\t<\/section>\n\t\t\t\t<section class=\"elementor-section elementor-top-section elementor-element elementor-element-eb00cba elementor-section-content-middle elementor-section-boxed elementor-section-height-default elementor-section-height-default\" data-id=\"eb00cba\" data-element_type=\"section\">\n\t\t\t\t\t\t\t<div class=\"elementor-background-overlay\"><\/div>\n\t\t\t\t\t\t\t<div class=\"elementor-container elementor-column-gap-default\">\n\t\t\t\t\t<div class=\"elementor-column elementor-col-100 elementor-top-column elementor-element elementor-element-48799bb\" data-id=\"48799bb\" data-element_type=\"column\">\n\t\t\t<div class=\"elementor-widget-wrap elementor-element-populated\">\n\t\t\t\t\t\t<div class=\"elementor-element elementor-element-a0ad24d elementor-widget elementor-widget-video\" data-id=\"a0ad24d\" data-element_type=\"widget\" data-settings=\"{&quot;youtube_url&quot;:&quot;https:\\\/\\\/youtu.be\\\/Xp1ZgCmEmKA&quot;,&quot;video_type&quot;:&quot;youtube&quot;,&quot;controls&quot;:&quot;yes&quot;}\" data-widget_type=\"video.default\">\n\t\t\t\t<div class=\"elementor-widget-container\">\n\t\t\t\t\t\t\t<div class=\"elementor-wrapper elementor-open-inline\">\n\t\t\t<div class=\"elementor-video\"><\/div>\t\t<\/div>\n\t\t\t\t\t\t<\/div>\n\t\t\t\t<\/div>\n\t\t\t\t\t<\/div>\n\t\t<\/div>\n\t\t\t\t\t<\/div>\n\t\t<\/section>\n\t\t\t\t<section class=\"elementor-section elementor-top-section elementor-element elementor-element-ef7fff4 elementor-section-boxed elementor-section-height-default elementor-section-height-default\" data-id=\"ef7fff4\" data-element_type=\"section\">\n\t\t\t\t\t\t<div class=\"elementor-container elementor-column-gap-default\">\n\t\t\t\t\t<div class=\"elementor-column elementor-col-100 elementor-top-column elementor-element elementor-element-d5bcc94\" data-id=\"d5bcc94\" data-element_type=\"column\">\n\t\t\t<div class=\"elementor-widget-wrap elementor-element-populated\">\n\t\t\t\t\t\t<div class=\"elementor-element elementor-element-0920686 elementor-widget elementor-widget-text-editor\" data-id=\"0920686\" data-element_type=\"widget\" data-widget_type=\"text-editor.default\">\n\t\t\t\t<div class=\"elementor-widget-container\">\n\t\t\t\t\t\t\t\t\t&#8230;\t\t\t\t\t\t\t\t<\/div>\n\t\t\t\t<\/div>\n\t\t\t\t<div class=\"elementor-element elementor-element-50371aa elementor-widget elementor-widget-gallery\" data-id=\"50371aa\" data-element_type=\"widget\" data-settings=\"{&quot;columns&quot;:2,&quot;overlay_title&quot;:&quot;title&quot;,&quot;lazyload&quot;:&quot;yes&quot;,&quot;gallery_layout&quot;:&quot;grid&quot;,&quot;columns_tablet&quot;:2,&quot;columns_mobile&quot;:1,&quot;gap&quot;:{&quot;unit&quot;:&quot;px&quot;,&quot;size&quot;:10,&quot;sizes&quot;:[]},&quot;gap_tablet&quot;:{&quot;unit&quot;:&quot;px&quot;,&quot;size&quot;:10,&quot;sizes&quot;:[]},&quot;gap_mobile&quot;:{&quot;unit&quot;:&quot;px&quot;,&quot;size&quot;:10,&quot;sizes&quot;:[]},&quot;link_to&quot;:&quot;file&quot;,&quot;aspect_ratio&quot;:&quot;3:2&quot;,&quot;content_hover_animation&quot;:&quot;fade-in&quot;}\" data-widget_type=\"gallery.default\">\n\t\t\t\t<div class=\"elementor-widget-container\">\n\t\t\t\t\t\t\t<div class=\"elementor-gallery__container\">\n\t\t\t\t\t\t\t<a class=\"e-gallery-item elementor-gallery-item elementor-animated-content\" href=\"https:\/\/kruszywo.net\/wp-content\/uploads\/2020\/11\/16-rozladunek-plac-np.jpg\" data-elementor-open-lightbox=\"yes\" data-elementor-lightbox-slideshow=\"50371aa\" data-elementor-lightbox-title=\"roz\u0142adunek plac np\" data-e-action-hash=\"#elementor-action%3Aaction%3Dlightbox%26settings%3DeyJpZCI6NzU3LCJ1cmwiOiJodHRwczpcL1wva3J1c3p5d28ubmV0XC93cC1jb250ZW50XC91cGxvYWRzXC8yMDIwXC8xMVwvMTYtcm96bGFkdW5lay1wbGFjLW5wLmpwZyIsInNsaWRlc2hvdyI6IjUwMzcxYWEifQ%3D%3D\">\n\t\t\t\t\t<div class=\"e-gallery-image elementor-gallery-item__image\" data-thumbnail=\"https:\/\/kruszywo.net\/wp-content\/uploads\/2020\/11\/16-rozladunek-plac-np-768x1024.jpg\" data-width=\"768\" data-height=\"1024\" aria-label=\"nb przemys\u0142owe wy\u0142adunek\" role=\"img\" ><\/div>\n\t\t\t\t\t\t\t\t\t\t\t\t\t\t\t<div class=\"elementor-gallery-item__content\">\n\t\t\t\t\t\t\t\t\t\t\t\t\t\t<div class=\"elementor-gallery-item__title\">\n\t\t\t\t\t\t\t\t\t\t\t\t\t\t\t\t\t\troz\u0142adunek plac np\t\t\t\t\t\t\t\t<\/div>\n\t\t\t\t\t\t\t\t\t\t\t\t<\/div>\n\t\t\t\t\t\t\t\t\t<\/a>\n\t\t\t\t\t\t\t<a class=\"e-gallery-item elementor-gallery-item elementor-animated-content\" href=\"https:\/\/kruszywo.net\/wp-content\/uploads\/2020\/11\/17-plac-np1.jpg\" data-elementor-open-lightbox=\"yes\" data-elementor-lightbox-slideshow=\"50371aa\" data-elementor-lightbox-title=\"17 plac np1\" data-e-action-hash=\"#elementor-action%3Aaction%3Dlightbox%26settings%3DeyJpZCI6NzU4LCJ1cmwiOiJodHRwczpcL1wva3J1c3p5d28ubmV0XC93cC1jb250ZW50XC91cGxvYWRzXC8yMDIwXC8xMVwvMTctcGxhYy1ucDEuanBnIiwic2xpZGVzaG93IjoiNTAzNzFhYSJ9\">\n\t\t\t\t\t<div class=\"e-gallery-image elementor-gallery-item__image\" data-thumbnail=\"https:\/\/kruszywo.net\/wp-content\/uploads\/2020\/11\/17-plac-np1-768x578.jpg\" data-width=\"768\" data-height=\"578\" aria-label=\"\" role=\"img\" ><\/div>\n\t\t\t\t\t\t\t\t\t\t\t\t\t\t\t<div class=\"elementor-gallery-item__content\">\n\t\t\t\t\t\t\t\t\t\t\t\t\t\t<div class=\"elementor-gallery-item__title\">\n\t\t\t\t\t\t\t\t\t\t\t\t\t\t\t\t\t\t17 plac np1\t\t\t\t\t\t\t\t<\/div>\n\t\t\t\t\t\t\t\t\t\t\t\t<\/div>\n\t\t\t\t\t\t\t\t\t<\/a>\n\t\t\t\t\t\t\t<a class=\"e-gallery-item elementor-gallery-item elementor-animated-content\" href=\"https:\/\/kruszywo.net\/wp-content\/uploads\/2020\/11\/17-plac3.jpg\" data-elementor-open-lightbox=\"yes\" data-elementor-lightbox-slideshow=\"50371aa\" data-elementor-lightbox-title=\"17 plac3\" data-e-action-hash=\"#elementor-action%3Aaction%3Dlightbox%26settings%3DeyJpZCI6NzU5LCJ1cmwiOiJodHRwczpcL1wva3J1c3p5d28ubmV0XC93cC1jb250ZW50XC91cGxvYWRzXC8yMDIwXC8xMVwvMTctcGxhYzMuanBnIiwic2xpZGVzaG93IjoiNTAzNzFhYSJ9\">\n\t\t\t\t\t<div class=\"e-gallery-image elementor-gallery-item__image\" data-thumbnail=\"https:\/\/kruszywo.net\/wp-content\/uploads\/2020\/11\/17-plac3-768x438.jpg\" data-width=\"768\" data-height=\"438\" aria-label=\"\" role=\"img\" ><\/div>\n\t\t\t\t\t\t\t\t\t\t\t\t\t\t\t<div class=\"elementor-gallery-item__content\">\n\t\t\t\t\t\t\t\t\t\t\t\t\t\t<div class=\"elementor-gallery-item__title\">\n\t\t\t\t\t\t\t\t\t\t\t\t\t\t\t\t\t\t17 plac3\t\t\t\t\t\t\t\t<\/div>\n\t\t\t\t\t\t\t\t\t\t\t\t<\/div>\n\t\t\t\t\t\t\t\t\t<\/a>\n\t\t\t\t\t\t\t<a class=\"e-gallery-item elementor-gallery-item elementor-animated-content\" href=\"https:\/\/kruszywo.net\/wp-content\/uploads\/2020\/11\/NB-PRZEMYSLOWE-rozldunek-s.jpg\" data-elementor-open-lightbox=\"yes\" data-elementor-lightbox-slideshow=\"50371aa\" data-elementor-lightbox-title=\"NB PRZEMYS\u0141OWE roz\u0142dunek s\" data-e-action-hash=\"#elementor-action%3Aaction%3Dlightbox%26settings%3DeyJpZCI6NzYwLCJ1cmwiOiJodHRwczpcL1wva3J1c3p5d28ubmV0XC93cC1jb250ZW50XC91cGxvYWRzXC8yMDIwXC8xMVwvTkItUFJaRU1ZU0xPV0Utcm96bGR1bmVrLXMuanBnIiwic2xpZGVzaG93IjoiNTAzNzFhYSJ9\">\n\t\t\t\t\t<div class=\"e-gallery-image elementor-gallery-item__image\" data-thumbnail=\"https:\/\/kruszywo.net\/wp-content\/uploads\/2020\/11\/NB-PRZEMYSLOWE-rozldunek-s-768x576.jpg\" data-width=\"768\" data-height=\"576\" aria-label=\"\" role=\"img\" ><\/div>\n\t\t\t\t\t\t\t\t\t\t\t\t\t\t\t<div class=\"elementor-gallery-item__content\">\n\t\t\t\t\t\t\t\t\t\t\t\t\t\t<div class=\"elementor-gallery-item__title\">\n\t\t\t\t\t\t\t\t\t\t\t\t\t\t\t\t\t\tNB PRZEMYS\u0141OWE roz\u0142dunek s\t\t\t\t\t\t\t\t<\/div>\n\t\t\t\t\t\t\t\t\t\t\t\t<\/div>\n\t\t\t\t\t\t\t\t\t<\/a>\n\t\t\t\t\t<\/div>\n\t\t\t\t\t<\/div>\n\t\t\t\t<\/div>\n\t\t\t\t\t<\/div>\n\t\t<\/div>\n\t\t\t\t\t<\/div>\n\t\t<\/section>\n\t\t\t\t<\/div>","protected":false},"excerpt":{"rendered":"<p>Minerals DC Nowak Sp. z o.o. Sp. k. powsta\u0142a w 2017 roku w wyniku podj\u0119cia wsp\u00f3\u0142pracy przez firmy Handel i Minera\u0142y Nowak Sp. z o.o. Sp. k oraz belgijskiej firmy Group De Cloedt. Sp\u00f3\u0142ka HiM Nowak zainaugurowa\u0142a swoj\u0105 dzia\u0142alno\u015b\u0107 w bran\u017cy w 2011 roku realizuj\u0105c dostawy kruszyw na potrzeby realizacji najwa\u017cniejszych projekt\u00f3w infrastrukturalnych w regionie [&hellip;]<\/p>\n","protected":false},"author":2,"featured_media":387,"parent":0,"menu_order":0,"comment_status":"closed","ping_status":"closed","template":"","meta":{"_acf_changed":false,"site-sidebar-layout":"default","site-content-layout":"","ast-site-content-layout":"default","site-content-style":"default","site-sidebar-style":"default","ast-global-header-display":"","ast-banner-title-visibility":"","ast-main-header-display":"","ast-hfb-above-header-display":"","ast-hfb-below-header-display":"","ast-hfb-mobile-header-display":"","site-post-title":"","ast-breadcrumbs-content":"","ast-featured-img":"","footer-sml-layout":"","theme-transparent-header-meta":"","adv-header-id-meta":"","stick-header-meta":"","header-above-stick-meta":"","header-main-stick-meta":"","header-below-stick-meta":"","astra-migrate-meta-layouts":"default","ast-page-background-enabled":"default","ast-page-background-meta":{"desktop":{"background-color":"","background-image":"","background-repeat":"repeat","background-position":"center center","background-size":"auto","background-attachment":"scroll","background-type":"","background-media":"","overlay-type":"","overlay-color":"","overlay-opacity":"","overlay-gradient":""},"tablet":{"background-color":"","background-image":"","background-repeat":"repeat","background-position":"center center","background-size":"auto","background-attachment":"scroll","background-type":"","background-media":"","overlay-type":"","overlay-color":"","overlay-opacity":"","overlay-gradient":""},"mobile":{"background-color":"","background-image":"","background-repeat":"repeat","background-position":"center center","background-size":"auto","background-attachment":"scroll","background-type":"","background-media":"","overlay-type":"","overlay-color":"","overlay-opacity":"","overlay-gradient":""}},"ast-content-background-meta":{"desktop":{"background-color":"var(--ast-global-color-5)","background-image":"","background-repeat":"repeat","background-position":"center center","background-size":"auto","background-attachment":"scroll","background-type":"","background-media":"","overlay-type":"","overlay-color":"","overlay-opacity":"","overlay-gradient":""},"tablet":{"background-color":"var(--ast-global-color-5)","background-image":"","background-repeat":"repeat","background-position":"center center","background-size":"auto","background-attachment":"scroll","background-type":"","background-media":"","overlay-type":"","overlay-color":"","overlay-opacity":"","overlay-gradient":""},"mobile":{"background-color":"var(--ast-global-color-5)","background-image":"","background-repeat":"repeat","background-position":"center center","background-size":"auto","background-attachment":"scroll","background-type":"","background-media":"","overlay-type":"","overlay-color":"","overlay-opacity":"","overlay-gradient":""}},"footnotes":""},"class_list":["post-12","page","type-page","status-publish","has-post-thumbnail","hentry"],"acf":[],"_links":{"self":[{"href":"https:\/\/kruszywo.net\/en\/wp-json\/wp\/v2\/pages\/12","targetHints":{"allow":["GET"]}}],"collection":[{"href":"https:\/\/kruszywo.net\/en\/wp-json\/wp\/v2\/pages"}],"about":[{"href":"https:\/\/kruszywo.net\/en\/wp-json\/wp\/v2\/types\/page"}],"author":[{"embeddable":true,"href":"https:\/\/kruszywo.net\/en\/wp-json\/wp\/v2\/users\/2"}],"replies":[{"embeddable":true,"href":"https:\/\/kruszywo.net\/en\/wp-json\/wp\/v2\/comments?post=12"}],"version-history":[{"count":3,"href":"https:\/\/kruszywo.net\/en\/wp-json\/wp\/v2\/pages\/12\/revisions"}],"predecessor-version":[{"id":1935,"href":"https:\/\/kruszywo.net\/en\/wp-json\/wp\/v2\/pages\/12\/revisions\/1935"}],"wp:featuredmedia":[{"embeddable":true,"href":"https:\/\/kruszywo.net\/en\/wp-json\/wp\/v2\/media\/387"}],"wp:attachment":[{"href":"https:\/\/kruszywo.net\/en\/wp-json\/wp\/v2\/media?parent=12"}],"curies":[{"name":"wp","href":"https:\/\/api.w.org\/{rel}","templated":true}]}}